{"id":1870,"date":"2022-04-29T14:18:49","date_gmt":"2022-04-29T12:18:49","guid":{"rendered":"https:\/\/batouan.gloensys.com\/?page_id=1870"},"modified":"2023-02-27T22:43:51","modified_gmt":"2023-02-27T21:43:51","slug":"vis-ta-vie","status":"publish","type":"page","link":"https:\/\/growth-leadership.net\/?page_id=1870","title":{"rendered":"Vis ta vie"},"content":{"rendered":"\t\t<div data-elementor-type=\"wp-page\" data-elementor-id=\"1870\" class=\"elementor elementor-1870\">\n\t\t\t\t\t\t<section class=\"elementor-section elementor-top-section elementor-element elementor-element-8361cef elementor-section-boxed elementor-section-height-default elementor-section-height-default\" data-id=\"8361cef\" data-element_type=\"section\">\n\t\t\t\t\t\t<div class=\"elementor-container elementor-column-gap-default\">\n\t\t\t\t\t<div class=\"elementor-column elementor-col-100 elementor-top-column elementor-element elementor-element-f333e87\" data-id=\"f333e87\" data-element_type=\"column\">\n\t\t\t<div class=\"elementor-widget-wrap elementor-element-populated\">\n\t\t\t\t\t\t<div class=\"elementor-element elementor-element-8804fca elementor-widget elementor-widget-text-editor\" data-id=\"8804fca\" data-element_type=\"widget\" data-widget_type=\"text-editor.default\">\n\t\t\t\t<div class=\"elementor-widget-container\">\n\t\t\t\t\t\t\t\t\t<p>Programme de d\u00e9couverte et de d\u00e9veloppement personnel. Conscience de soi, estime de soi, confiance en soi, affirmation de soi, d\u00e9tection de talents, d\u00e9veloppement de talents, Plan de croissance personnelle (plan de vie).<\/p>\t\t\t\t\t\t\t\t<\/div>\n\t\t\t\t<\/div>\n\t\t\t\t\t<\/div>\n\t\t<\/div>\n\t\t\t\t\t<\/div>\n\t\t<\/section>\n\t\t\t\t<section class=\"elementor-section elementor-top-section elementor-element elementor-element-765a285 elementor-section-boxed elementor-section-height-default elementor-section-height-default\" data-id=\"765a285\" data-element_type=\"section\">\n\t\t\t\t\t\t<div class=\"elementor-container elementor-column-gap-default\">\n\t\t\t\t\t<div class=\"elementor-column elementor-col-100 elementor-top-column elementor-element elementor-element-b88582e\" data-id=\"b88582e\" data-element_type=\"column\">\n\t\t\t<div class=\"elementor-widget-wrap elementor-element-populated\">\n\t\t\t\t\t\t\t<\/div>\n\t\t<\/div>\n\t\t\t\t\t<\/div>\n\t\t<\/section>\n\t\t\t\t<section class=\"elementor-section elementor-top-section elementor-element elementor-element-8eae20f elementor-section-boxed elementor-section-height-default elementor-section-height-default\" data-id=\"8eae20f\" data-element_type=\"section\">\n\t\t\t\t\t\t<div class=\"elementor-container elementor-column-gap-default\">\n\t\t\t\t\t<div class=\"elementor-column elementor-col-100 elementor-top-column elementor-element elementor-element-a7087fc\" data-id=\"a7087fc\" data-element_type=\"column\">\n\t\t\t<div class=\"elementor-widget-wrap elementor-element-populated\">\n\t\t\t\t\t\t<div class=\"elementor-element elementor-element-5c69bae elementor-align-right elementor-widget elementor-widget-button\" data-id=\"5c69bae\" data-element_type=\"widget\" data-widget_type=\"button.default\">\n\t\t\t\t<div class=\"elementor-widget-container\">\n\t\t\t\t\t\t\t\t\t<div class=\"elementor-button-wrapper\">\n\t\t\t\t\t<a class=\"elementor-button elementor-button-link elementor-size-md\" href=\"\/formations-2\/\">\n\t\t\t\t\t\t<span class=\"elementor-button-content-wrapper\">\n\t\t\t\t\t\t\t\t\t<span class=\"elementor-button-text\">Voir plus<\/span>\n\t\t\t\t\t<\/span>\n\t\t\t\t\t<\/a>\n\t\t\t\t<\/div>\n\t\t\t\t\t\t\t\t<\/div>\n\t\t\t\t<\/div>\n\t\t\t\t\t<\/div>\n\t\t<\/div>\n\t\t\t\t\t<\/div>\n\t\t<\/section>\n\t\t\t\t<\/div>\n\t\t","protected":false},"excerpt":{"rendered":"<p>Programme de d\u00e9couverte et de d\u00e9veloppement personnel. Conscience de soi, estime de soi, confiance en soi, affirmation de soi, d\u00e9tection de talents, d\u00e9veloppement de talents, Plan de croissance personnelle (plan de vie). Voir plus<\/p>\n","protected":false},"author":1,"featured_media":0,"parent":2673,"menu_order":1,"comment_status":"closed","ping_status":"closed","template":"","meta":{"pagelayer_contact_templates":[],"_pagelayer_content":"","footnotes":""},"class_list":["post-1870","page","type-page","status-publish","hentry"],"_links":{"self":[{"href":"https:\/\/growth-leadership.net\/index.php?rest_route=\/wp\/v2\/pages\/1870","targetHints":{"allow":["GET"]}}],"collection":[{"href":"https:\/\/growth-leadership.net\/index.php?rest_route=\/wp\/v2\/pages"}],"about":[{"href":"https:\/\/growth-leadership.net\/index.php?rest_route=\/wp\/v2\/types\/page"}],"author":[{"embeddable":true,"href":"https:\/\/growth-leadership.net\/index.php?rest_route=\/wp\/v2\/users\/1"}],"replies":[{"embeddable":true,"href":"https:\/\/growth-leadership.net\/index.php?rest_route=%2Fwp%2Fv2%2Fcomments&post=1870"}],"version-history":[{"count":9,"href":"https:\/\/growth-leadership.net\/index.php?rest_route=\/wp\/v2\/pages\/1870\/revisions"}],"predecessor-version":[{"id":2685,"href":"https:\/\/growth-leadership.net\/index.php?rest_route=\/wp\/v2\/pages\/1870\/revisions\/2685"}],"up":[{"embeddable":true,"href":"https:\/\/growth-leadership.net\/index.php?rest_route=\/wp\/v2\/pages\/2673"}],"wp:attachment":[{"href":"https:\/\/growth-leadership.net\/index.php?rest_route=%2Fwp%2Fv2%2Fmedia&parent=1870"}],"curies":[{"name":"wp","href":"https:\/\/api.w.org\/{rel}","templated":true}]}}